{"id":103,"date":"2022-03-24T18:07:32","date_gmt":"2022-03-24T17:07:32","guid":{"rendered":"https:\/\/codepaube-ffvelo.fr\/admin0\/?page_id=103"},"modified":"2023-12-22T10:55:14","modified_gmt":"2023-12-22T09:55:14","slug":"dernieres-news","status":"publish","type":"page","link":"https:\/\/codepaube-ffvelo.fr\/admin0\/dernieres-news\/","title":{"rendered":"Derni\u00e8res Nouvelles"},"content":{"rendered":"<p><span><strong>INFORMATION IMPORTANTE !!!<br \/>\n<\/strong><\/span><\/p>\n<p>Bonjour \u00e0 toutes et \u00e0 tous,<\/p>\n<p>Nous avons re\u00e7u de la Pr\u00e9fecture de l&rsquo;Aube le mail ci-joint concernant la nouvelle proc\u00e9dure par voie d\u00e9mat\u00e9rialis\u00e9e des d\u00e9clarations de manifestations \u00e0 compter du 1er d\u00e9cembre 2023.<\/p>\n<p>Cordialement<\/p>\n<p>Francis CORNETTE \/ Codep 10<\/p>\n<p><em><strong>Voir aussi :<span>\u00a0<\/span><a href=\"https:\/\/www.manifestationsportive.fr\/\" target=\"_blank\" rel=\"noopener\" tabindex=\"9999\">https:\/\/www.manifestationsportive.fr\/<\/a><\/strong><\/em><\/p>\n","protected":false},"excerpt":{"rendered":"<p>INFORMATION IMPORTANTE !!! Bonjour \u00e0 toutes et \u00e0 tous, Nous avons re\u00e7u de la Pr\u00e9fecture de l&rsquo;Aube le mail ci-joint concernant la nouvelle proc\u00e9dure par voie d\u00e9mat\u00e9rialis\u00e9e des d\u00e9clarations de manifestations \u00e0 compter du 1er d\u00e9cembre 2023. Cordialement Francis CORNETTE \/ Codep 10 Voir aussi :\u00a0https:\/\/www.manifestationsportive.fr\/<\/p>\n","protected":false},"author":9,"featured_media":679,"parent":0,"menu_order":0,"comment_status":"closed","ping_status":"closed","template":"","meta":{"footnotes":""},"class_list":["post-103","page","type-page","status-publish","has-post-thumbnail","hentry"],"_links":{"self":[{"href":"https:\/\/codepaube-ffvelo.fr\/admin0\/wp-json\/wp\/v2\/pages\/103","targetHints":{"allow":["GET"]}}],"collection":[{"href":"https:\/\/codepaube-ffvelo.fr\/admin0\/wp-json\/wp\/v2\/pages"}],"about":[{"href":"https:\/\/codepaube-ffvelo.fr\/admin0\/wp-json\/wp\/v2\/types\/page"}],"author":[{"embeddable":true,"href":"https:\/\/codepaube-ffvelo.fr\/admin0\/wp-json\/wp\/v2\/users\/9"}],"replies":[{"embeddable":true,"href":"https:\/\/codepaube-ffvelo.fr\/admin0\/wp-json\/wp\/v2\/comments?post=103"}],"version-history":[{"count":20,"href":"https:\/\/codepaube-ffvelo.fr\/admin0\/wp-json\/wp\/v2\/pages\/103\/revisions"}],"predecessor-version":[{"id":849,"href":"https:\/\/codepaube-ffvelo.fr\/admin0\/wp-json\/wp\/v2\/pages\/103\/revisions\/849"}],"wp:featuredmedia":[{"embeddable":true,"href":"https:\/\/codepaube-ffvelo.fr\/admin0\/wp-json\/wp\/v2\/media\/679"}],"wp:attachment":[{"href":"https:\/\/codepaube-ffvelo.fr\/admin0\/wp-json\/wp\/v2\/media?parent=103"}],"curies":[{"name":"wp","href":"https:\/\/api.w.org\/{rel}","templated":true}]}}